{"id":72,"date":"2026-04-19T19:43:56","date_gmt":"2026-04-19T19:43:56","guid":{"rendered":"http:\/\/mediacjerodzinnepoznan.pl\/?page_id=72"},"modified":"2026-04-20T17:13:31","modified_gmt":"2026-04-20T17:13:31","slug":"informacje","status":"publish","type":"page","link":"https:\/\/mediacjerodzinnepoznan.pl\/index.php\/informacje\/","title":{"rendered":"Informacje"},"content":{"rendered":"\n<div class=\"wp-block-cover alignfull\" style=\"min-height:320px;aspect-ratio:unset;\"><span aria-hidden=\"true\" class=\"wp-block-cover__background has-nv-site-bg-background-color has-background-dim-100 has-background-dim\"><\/span><div class=\"wp-block-cover__inner-container is-layout-flow wp-block-cover-is-layout-flow\">\n<div class=\"wp-block-group\" style=\"padding-right:var(--wp--preset--spacing--30);padding-left:var(--wp--preset--spacing--30)\"><div class=\"wp-block-group__inner-container is-layout-flow wp-block-group-is-layout-flow\">\n<h1 class=\"wp-block-heading has-text-align-left has-neve-text-color-color has-text-color\">O Mediacjach<\/h1>\n<\/div><\/div>\n<\/div><\/div>\n\n\n\n<div class=\"wp-block-cover alignfull\" style=\"min-height:600px;aspect-ratio:unset;\"><span aria-hidden=\"true\" class=\"wp-block-cover__background has-nv-light-bg-background-color has-background-dim-100 has-background-dim\"><\/span><div class=\"wp-block-cover__inner-container is-layout-flow wp-block-cover-is-layout-flow\">\n<div class=\"wp-block-group\"><div class=\"wp-block-group__inner-container is-layout-flow wp-block-group-is-layout-flow\">\n<div style=\"height:80px\" aria-hidden=\"true\" class=\"wp-block-spacer\"><\/div>\n\n\n\n<div class=\"wp-block-columns are-vertically-aligned-center has-neve-text-color-color has-text-color is-layout-flex wp-container-core-columns-is-layout-9d6595d7 wp-block-columns-is-layout-flex\">\n<div class=\"wp-block-column is-vertically-aligned-center is-layout-flow wp-block-column-is-layout-flow\" style=\"padding-right:var(--wp--preset--spacing--30);padding-left:var(--wp--preset--spacing--30);flex-basis:50%\">\n<figure class=\"wp-block-image size-full is-resized has-custom-border\"><a href=\"http:\/\/mediacjerodzinnepoznan.pl\/wp-content\/uploads\/2026\/04\/images-2.jpeg\"><img loading=\"lazy\" decoding=\"async\" width=\"504\" height=\"609\" src=\"http:\/\/mediacjerodzinnepoznan.pl\/wp-content\/uploads\/2026\/04\/images-2.jpeg\" alt=\"\" class=\"wp-image-110\" style=\"border-radius:16px;width:541px;height:auto\" srcset=\"https:\/\/mediacjerodzinnepoznan.pl\/wp-content\/uploads\/2026\/04\/images-2.jpeg 504w, https:\/\/mediacjerodzinnepoznan.pl\/wp-content\/uploads\/2026\/04\/images-2-248x300.jpeg 248w\" sizes=\"auto, (max-width: 504px) 100vw, 504px\" \/><\/a><\/figure>\n<\/div>\n\n\n\n<div class=\"wp-block-column is-vertically-aligned-center is-layout-flow wp-block-column-is-layout-flow\" style=\"padding-top:0;padding-right:var(--wp--preset--spacing--30);padding-bottom:0;padding-left:var(--wp--preset--spacing--30);flex-basis:50%\">\n<h2 class=\"wp-block-heading has-neve-text-color-color has-text-color\">Mediacje rodzinne<\/h2>\n\n\n\n<p class=\"has-neve-text-color-color has-text-color\">Mediacje rodzinne pomagaj\u0105 rozwi\u0105za\u0107 konflikty w spos\u00f3b spokojny i konstruktywny, bez konieczno\u015bci prowadzenia d\u0142ugotrwa\u0142ego post\u0119powania s\u0105dowego.<\/p>\n\n\n\n<p>Prowadz\u0119 mediacje w sprawach dotycz\u0105cych&nbsp;m.in.:<\/p>\n\n\n\n<p>\u2022 rozwodu<br>\u2022 separacji<br>\u2022 ustalenia kontakt\u00f3w z dzieckiem<br>\u2022 opieki nad dzieckiem<br>\u2022 aliment\u00f3w<br>\u2022 planu wychowawczego<br>\u2022 konflikt\u00f3w pomi\u0119dzy cz\u0142onkami rodziny<\/p>\n\n\n\n<p>W mediacji strony same wypracowuj\u0105 rozwi\u0105zanie, kt\u00f3re jest dla nich najbardziej odpowiednie.<\/p>\n\n\n\n<p class=\"has-neve-text-color-color has-text-color\">Ugoda zawarta przed mediatorem \u2014 po z\u0142o\u017ceniu jej do s\u0105du i zatwierdzeniu \u2014&nbsp;<strong>ma moc prawn\u0105 r\u00f3wn\u0105 ugodzie s\u0105dowej<\/strong>.<\/p>\n<\/div>\n<\/div>\n\n\n\n<div style=\"height:40px\" aria-hidden=\"true\" class=\"wp-block-spacer\"><\/div>\n<\/div><\/div>\n<\/div><\/div>\n\n\n\n<div class=\"wp-block-cover alignfull wp-duotone-var--nv-c-2-var--nv-light-bg-1\" style=\"min-height:600px;aspect-ratio:unset;\"><span aria-hidden=\"true\" class=\"wp-block-cover__background has-background-dim-100 has-background-dim\" style=\"background-color:#5e5e64\"><\/span><div class=\"wp-block-cover__inner-container is-layout-flow wp-block-cover-is-layout-flow\">\n<div class=\"wp-block-group\"><div class=\"wp-block-group__inner-container is-layout-flow wp-block-group-is-layout-flow\">\n<div style=\"height:80px\" aria-hidden=\"true\" class=\"wp-block-spacer\"><\/div>\n\n\n\n<div class=\"wp-block-columns are-vertically-aligned-center is-layout-flex wp-container-core-columns-is-layout-9d6595d7 wp-block-columns-is-layout-flex\">\n<div class=\"wp-block-column is-vertically-aligned-center is-layout-flow wp-block-column-is-layout-flow\" style=\"padding-right:var(--wp--preset--spacing--30);padding-left:var(--wp--preset--spacing--30);flex-basis:50%\">\n<h2 class=\"wp-block-heading has-nv-text-dark-bg-color has-text-color\">Mediacje pracownicze<\/h2>\n\n\n\n<p class=\"has-nv-text-dark-bg-color has-text-color\">Mediacja mo\u017ce by\u0107 skutecznym sposobem rozwi\u0105zania spor\u00f3w powstaj\u0105cych w miejscu pracy.<\/p>\n\n\n\n<p class=\"has-nv-site-bg-color has-text-color has-link-color wp-elements-347215425c50e234fbc6a5723e84f0ef\">Pomagam w rozwi\u0105zywaniu konflikt\u00f3w dotycz\u0105cych&nbsp;m.in.:<\/p>\n\n\n\n<p class=\"has-nv-site-bg-color has-text-color has-link-color wp-elements-60b021c42687db82df7da2c6bfec9f30\">\u2022 spor\u00f3w mi\u0119dzy pracownikiem a pracodawc\u0105<br>\u2022 konflikt\u00f3w w zespole<br>\u2022 mobbingu<br>\u2022 problem\u00f3w komunikacyjnych w miejscu pracy<\/p>\n\n\n\n<p class=\"has-nv-site-bg-color has-text-color has-link-color wp-elements-fe14e3f0856ef7f8feabccf96a1e53dc\">Mediacja pozwala znale\u017a\u0107 rozwi\u0105zanie, kt\u00f3re b\u0119dzie korzystne dla obu stron i umo\u017cliwi dalsz\u0105 wsp\u00f3\u0142prac\u0119.<\/p>\n\n\n\n<div style=\"height:20px\" aria-hidden=\"true\" class=\"wp-block-spacer\"><\/div>\n\n\n\n<div style=\"height:20px\" aria-hidden=\"true\" class=\"wp-block-spacer\"><\/div>\n<\/div>\n\n\n\n<div class=\"wp-block-column is-vertically-aligned-center is-layout-flow wp-block-column-is-layout-flow\" style=\"padding-right:var(--wp--preset--spacing--30);padding-left:var(--wp--preset--spacing--30);flex-basis:50%\">\n<figure class=\"wp-block-image size-full is-resized has-custom-border\"><a href=\"http:\/\/mediacjerodzinnepoznan.pl\/index.php\/informacje\/img_8794\/\"><img loading=\"lazy\" decoding=\"async\" width=\"425\" height=\"282\" src=\"http:\/\/mediacjerodzinnepoznan.pl\/wp-content\/uploads\/2026\/04\/IMG_8794.jpg\" alt=\"\" class=\"wp-image-136\" style=\"border-radius:16px;aspect-ratio:1.5070974263931596;width:581px;height:auto\" srcset=\"https:\/\/mediacjerodzinnepoznan.pl\/wp-content\/uploads\/2026\/04\/IMG_8794.jpg 425w, https:\/\/mediacjerodzinnepoznan.pl\/wp-content\/uploads\/2026\/04\/IMG_8794-300x199.jpg 300w\" sizes=\"auto, (max-width: 425px) 100vw, 425px\" \/><\/a><\/figure>\n<\/div>\n<\/div>\n\n\n\n<div style=\"height:40px\" aria-hidden=\"true\" class=\"wp-block-spacer\"><\/div>\n<\/div><\/div>\n<\/div><\/div>\n\n\n\n<div class=\"wp-block-cover alignfull\" style=\"min-height:600px;aspect-ratio:unset;\"><span aria-hidden=\"true\" class=\"wp-block-cover__background has-nv-light-bg-background-color has-background-dim-100 has-background-dim\"><\/span><div class=\"wp-block-cover__inner-container is-layout-flow wp-block-cover-is-layout-flow\">\n<div class=\"wp-block-group\"><div class=\"wp-block-group__inner-container is-layout-flow wp-block-group-is-layout-flow\">\n<div style=\"height:80px\" aria-hidden=\"true\" class=\"wp-block-spacer\"><\/div>\n\n\n\n<div class=\"wp-block-columns are-vertically-aligned-center has-neve-text-color-color has-text-color is-layout-flex wp-container-core-columns-is-layout-9d6595d7 wp-block-columns-is-layout-flex\">\n<div class=\"wp-block-column is-vertically-aligned-center is-layout-flow wp-block-column-is-layout-flow\" style=\"padding-right:var(--wp--preset--spacing--30);padding-left:var(--wp--preset--spacing--30);flex-basis:50%\">\n<figure class=\"wp-block-image size-full is-resized has-custom-border\"><img loading=\"lazy\" decoding=\"async\" width=\"518\" height=\"288\" src=\"http:\/\/mediacjerodzinnepoznan.pl\/wp-content\/uploads\/2026\/04\/Dziecko-z-misiem-.jpg\" alt=\"\" class=\"wp-image-138\" style=\"border-radius:16px;aspect-ratio:1.7986114968064426;width:581px;height:auto\" srcset=\"https:\/\/mediacjerodzinnepoznan.pl\/wp-content\/uploads\/2026\/04\/Dziecko-z-misiem-.jpg 518w, https:\/\/mediacjerodzinnepoznan.pl\/wp-content\/uploads\/2026\/04\/Dziecko-z-misiem--300x167.jpg 300w\" sizes=\"auto, (max-width: 518px) 100vw, 518px\" \/><\/figure>\n<\/div>\n\n\n\n<div class=\"wp-block-column is-vertically-aligned-center is-layout-flow wp-block-column-is-layout-flow\" style=\"padding-top:0;padding-right:var(--wp--preset--spacing--30);padding-bottom:0;padding-left:var(--wp--preset--spacing--30);flex-basis:50%\">\n<h2 class=\"wp-block-heading has-neve-text-color-color has-text-color\">Dobro dziecka w mediacji<\/h2>\n\n\n\n<p class=\"has-neve-text-color-color has-text-color\">W sprawach rodzinnych najwa\u017cniejsze jest dobro dziecka.<\/p>\n\n\n\n<p>Podczas mediacji d\u0105\u017c\u0119 do wypracowania takich rozwi\u0105za\u0144, kt\u00f3re:<\/p>\n\n\n\n<p>\u2022 minimalizuj\u0105 skutki konfliktu dla dziecka<br>\u2022 chroni\u0105 dziecko przed wci\u0105ganiem w sp\u00f3r doros\u0142ych<br>\u2022 pozwalaj\u0105 zachowa\u0107 relacj\u0119 dziecka z obojgiem rodzic\u00f3w<\/p>\n\n\n\n<p class=\"has-neve-text-color-color has-text-color\">Jestem przekonana, \u017ce&nbsp;<strong>dziecko nie powinno stawa\u0107 po \u017cadnej ze stron konfliktu mi\u0119dzy rodzicami<\/strong>.<\/p>\n<\/div>\n<\/div>\n\n\n\n<div style=\"height:40px\" aria-hidden=\"true\" class=\"wp-block-spacer\"><\/div>\n<\/div><\/div>\n<\/div><\/div>\n","protected":false},"excerpt":{"rendered":"","protected":false},"author":1,"featured_media":0,"parent":0,"menu_order":0,"comment_status":"closed","ping_status":"closed","template":"","meta":{"om_disable_all_campaigns":false,"_monsterinsights_skip_tracking":false,"_monsterinsights_sitenote_active":false,"_monsterinsights_sitenote_note":"","_monsterinsights_sitenote_category":0,"neve_meta_sidebar":"","neve_meta_container":"","neve_meta_enable_content_width":"on","neve_meta_content_width":100,"neve_meta_title_alignment":"","neve_meta_author_avatar":"","neve_post_elements_order":"","neve_meta_disable_header":"","neve_meta_disable_footer":"","neve_meta_disable_title":"on","footnotes":""},"class_list":["post-72","page","type-page","status-publish","hentry"],"aioseo_notices":[],"_links":{"self":[{"href":"https:\/\/mediacjerodzinnepoznan.pl\/index.php\/wp-json\/wp\/v2\/pages\/72","targetHints":{"allow":["GET"]}}],"collection":[{"href":"https:\/\/mediacjerodzinnepoznan.pl\/index.php\/wp-json\/wp\/v2\/pages"}],"about":[{"href":"https:\/\/mediacjerodzinnepoznan.pl\/index.php\/wp-json\/wp\/v2\/types\/page"}],"author":[{"embeddable":true,"href":"https:\/\/mediacjerodzinnepoznan.pl\/index.php\/wp-json\/wp\/v2\/users\/1"}],"replies":[{"embeddable":true,"href":"https:\/\/mediacjerodzinnepoznan.pl\/index.php\/wp-json\/wp\/v2\/comments?post=72"}],"version-history":[{"count":6,"href":"https:\/\/mediacjerodzinnepoznan.pl\/index.php\/wp-json\/wp\/v2\/pages\/72\/revisions"}],"predecessor-version":[{"id":174,"href":"https:\/\/mediacjerodzinnepoznan.pl\/index.php\/wp-json\/wp\/v2\/pages\/72\/revisions\/174"}],"wp:attachment":[{"href":"https:\/\/mediacjerodzinnepoznan.pl\/index.php\/wp-json\/wp\/v2\/media?parent=72"}],"curies":[{"name":"wp","href":"https:\/\/api.w.org\/{rel}","templated":true}]}}