{"id":74,"date":"2026-04-19T19:43:56","date_gmt":"2026-04-19T19:43:56","guid":{"rendered":"http:\/\/mediacjerodzinnepoznan.pl\/?page_id=74"},"modified":"2026-04-20T18:10:30","modified_gmt":"2026-04-20T18:10:30","slug":"portofolio","status":"publish","type":"page","link":"https:\/\/mediacjerodzinnepoznan.pl\/index.php\/portofolio\/","title":{"rendered":"O Mnie"},"content":{"rendered":"\n<div class=\"wp-block-cover alignfull wp-elements-86ecf827486f22480a536883d3db89bc\" style=\"min-height:140px;aspect-ratio:unset;\"><span aria-hidden=\"true\" class=\"wp-block-cover__background has-nv-text-dark-bg-background-color has-background-dim-100 has-background-dim\"><\/span><div class=\"wp-block-cover__inner-container is-layout-flow wp-block-cover-is-layout-flow\">\n<div class=\"wp-block-group\" style=\"padding-right:var(--wp--preset--spacing--30);padding-left:var(--wp--preset--spacing--30)\"><div class=\"wp-block-group__inner-container is-layout-flow wp-block-group-is-layout-flow\">\n<h1 class=\"wp-block-heading has-text-align-left has-neve-text-color-color has-text-color\">O mnie <\/h1>\n<\/div><\/div>\n\n\n\n<div class=\"wp-block-cover alignfull wp-elements-7d4be4201b55a83a06386481e9e5cb73\" style=\"min-height:1537px;aspect-ratio:unset;\"><span aria-hidden=\"true\" class=\"wp-block-cover__background has-nv-site-bg-background-color has-background-dim-100 has-background-dim\"><\/span><div class=\"wp-block-cover__inner-container is-layout-flow wp-block-cover-is-layout-flow\">\n<div class=\"wp-block-columns are-vertically-aligned-center has-background is-layout-flex wp-container-core-columns-is-layout-9d6595d7 wp-block-columns-is-layout-flex\" style=\"background:linear-gradient(135deg,rgb(255,245,203) 0%,rgb(182,227,212) 50%,rgb(74,107,33) 73%,rgb(51,167,181) 100%)\">\n<div class=\"wp-block-column is-vertically-aligned-center is-layout-flow wp-block-column-is-layout-flow\" style=\"padding-right:var(--wp--preset--spacing--30);padding-left:var(--wp--preset--spacing--30);flex-basis:50%\">\n<p class=\"has-text-align-left has-nv-dark-bg-color has-text-color\">Od 2024 roku jestem mediatorem wpisanym na list\u0119 mediator\u00f3w sta\u0142ych prowadzon\u0105 przez Prezesa S\u0105du Okr\u0119gowego w Poznaniu. Specjalizuj\u0119 si\u0119 w mediacjach rodzinnych oraz pracowniczych, jednak szczeg\u00f3lnie bliskie mojemu sercu s\u0105 mediacje rodzinne.<\/p>\n\n\n\n<p class=\"has-nv-dark-bg-color has-text-color\">W pracy mediacyjnej pomagam stronom w konstruktywnym rozwi\u0105zaniu konflikt\u00f3w dotycz\u0105cych&nbsp;m.in.:<\/p>\n\n\n\n<p class=\"has-nv-dark-bg-color has-text-color\">\u2022 rozwodu i separacji<br>\u2022 ustalenia kontakt\u00f3w z dzieckiem<br>\u2022 wykonywania w\u0142adzy rodzicielskiej<br>\u2022 spraw alimentacyjnych<br>\u2022 podzia\u0142u obowi\u0105zk\u00f3w rodzicielskich<\/p>\n\n\n\n<p class=\"has-nv-dark-bg-color has-text-color\">W pracy korzystam z podej\u015bcia opartego na modelu komunikacji&nbsp;<strong>Porozumienie bez Przemocy (NVC) Marshalla Rosenberga<\/strong>, kt\u00f3re wspiera dialog oparty na wzajemnym szacunku i zrozumieniu.<\/p>\n\n\n\n<p class=\"has-text-align-left has-nv-dark-bg-color has-text-color\">W sprawach dotycz\u0105cych dzieci szczeg\u00f3ln\u0105 wag\u0119 przyk\u0142adam do ich dobra. Zale\u017cy mi na wypracowaniu takich rozwi\u0105za\u0144, kt\u00f3re chroni\u0105 dziecko przed konfliktem doros\u0142ych oraz pozwalaj\u0105 zachowa\u0107 jego relacj\u0119 z obojgiem rodzic\u00f3w.<\/p>\n\n\n\n<div class=\"wp-block-buttons has-custom-font-size has-small-font-size is-content-justification-left is-layout-flex wp-container-core-buttons-is-layout-fdcfc74e wp-block-buttons-is-layout-flex\">\n<div class=\"wp-block-button is-style-default\"><a class=\"wp-block-button__link has-nv-text-dark-bg-color has-neve-link-color-background-color has-text-color has-background has-link-color has-custom-font-size wp-element-button\" href=\"http:\/\/mediacjerodzinnepoznan.pl\/project-details\/\" style=\"font-size:16px\">wi\u0119cej <\/a><\/div>\n<\/div>\n<\/div>\n\n\n\n<div class=\"wp-block-column is-vertically-aligned-center is-layout-flow wp-block-column-is-layout-flow\" style=\"padding-right:var(--wp--preset--spacing--30);padding-left:var(--wp--preset--spacing--30);flex-basis:50%\">\n<figure class=\"wp-block-image size-full has-custom-border is-style-default\"><img loading=\"lazy\" decoding=\"async\" width=\"960\" height=\"958\" src=\"http:\/\/mediacjerodzinnepoznan.pl\/wp-content\/uploads\/2026\/04\/IMG_1384.jpg\" alt=\"\" class=\"wp-image-143\" style=\"border-radius:16px\" srcset=\"https:\/\/mediacjerodzinnepoznan.pl\/wp-content\/uploads\/2026\/04\/IMG_1384.jpg 960w, https:\/\/mediacjerodzinnepoznan.pl\/wp-content\/uploads\/2026\/04\/IMG_1384-300x300.jpg 300w, https:\/\/mediacjerodzinnepoznan.pl\/wp-content\/uploads\/2026\/04\/IMG_1384-150x150.jpg 150w, https:\/\/mediacjerodzinnepoznan.pl\/wp-content\/uploads\/2026\/04\/IMG_1384-768x766.jpg 768w\" sizes=\"auto, (max-width: 960px) 100vw, 960px\" \/><\/figure>\n<\/div>\n<\/div>\n\n\n\n<div style=\"height:50px\" aria-hidden=\"true\" class=\"wp-block-spacer\"><\/div>\n\n\n\n<div class=\"wp-block-columns is-layout-flex wp-container-core-columns-is-layout-9d6595d7 wp-block-columns-is-layout-flex\">\n<div class=\"wp-block-column is-layout-flow wp-block-column-is-layout-flow\" style=\"flex-basis:100%\">\n<figure class=\"wp-block-gallery has-nested-images columns-default is-cropped wp-block-gallery-1 is-layout-flex wp-block-gallery-is-layout-flex\">\n<figure class=\"wp-block-image size-full\"><img loading=\"lazy\" decoding=\"async\" width=\"595\" height=\"841\" data-id=\"197\" src=\"http:\/\/mediacjerodzinnepoznan.pl\/wp-content\/uploads\/2026\/04\/Certyfikat-2.jpg\" alt=\"\" class=\"wp-image-197\" srcset=\"https:\/\/mediacjerodzinnepoznan.pl\/wp-content\/uploads\/2026\/04\/Certyfikat-2.jpg 595w, https:\/\/mediacjerodzinnepoznan.pl\/wp-content\/uploads\/2026\/04\/Certyfikat-2-212x300.jpg 212w\" sizes=\"auto, (max-width: 595px) 100vw, 595px\" \/><\/figure>\n\n\n\n<figure class=\"wp-block-image size-full\"><img loading=\"lazy\" decoding=\"async\" width=\"595\" height=\"841\" data-id=\"193\" src=\"http:\/\/mediacjerodzinnepoznan.pl\/wp-content\/uploads\/2026\/04\/sylwia.prorok-zaawansowane-techniki-mediacyjne-w-mediacjach-rodzinnych-zaawansowane-techniki-w-mediacjach-rodzinnych-platforma-e-learning.jpg\" alt=\"\" class=\"wp-image-193\" srcset=\"https:\/\/mediacjerodzinnepoznan.pl\/wp-content\/uploads\/2026\/04\/sylwia.prorok-zaawansowane-techniki-mediacyjne-w-mediacjach-rodzinnych-zaawansowane-techniki-w-mediacjach-rodzinnych-platforma-e-learning.jpg 595w, https:\/\/mediacjerodzinnepoznan.pl\/wp-content\/uploads\/2026\/04\/sylwia.prorok-zaawansowane-techniki-mediacyjne-w-mediacjach-rodzinnych-zaawansowane-techniki-w-mediacjach-rodzinnych-platforma-e-learning-212x300.jpg 212w\" sizes=\"auto, (max-width: 595px) 100vw, 595px\" \/><\/figure>\n\n\n\n<figure class=\"wp-block-image size-full\"><img loading=\"lazy\" decoding=\"async\" width=\"1784\" height=\"2560\" data-id=\"185\" src=\"http:\/\/mediacjerodzinnepoznan.pl\/wp-content\/uploads\/2026\/04\/IMG_2951_SnapseedCopy-scaled.jpeg\" alt=\"\" class=\"wp-image-185\" srcset=\"https:\/\/mediacjerodzinnepoznan.pl\/wp-content\/uploads\/2026\/04\/IMG_2951_SnapseedCopy-scaled.jpeg 1784w, https:\/\/mediacjerodzinnepoznan.pl\/wp-content\/uploads\/2026\/04\/IMG_2951_SnapseedCopy-209x300.jpeg 209w, https:\/\/mediacjerodzinnepoznan.pl\/wp-content\/uploads\/2026\/04\/IMG_2951_SnapseedCopy-713x1024.jpeg 713w, https:\/\/mediacjerodzinnepoznan.pl\/wp-content\/uploads\/2026\/04\/IMG_2951_SnapseedCopy-768x1102.jpeg 768w, https:\/\/mediacjerodzinnepoznan.pl\/wp-content\/uploads\/2026\/04\/IMG_2951_SnapseedCopy-1070x1536.jpeg 1070w, https:\/\/mediacjerodzinnepoznan.pl\/wp-content\/uploads\/2026\/04\/IMG_2951_SnapseedCopy-1427x2048.jpeg 1427w\" sizes=\"auto, (max-width: 1784px) 100vw, 1784px\" \/><\/figure>\n<\/figure>\n<\/div>\n<\/div>\n\n\n\n<div class=\"wp-block-columns is-layout-flex wp-container-core-columns-is-layout-9d6595d7 wp-block-columns-is-layout-flex\">\n<div class=\"wp-block-column is-layout-flow wp-block-column-is-layout-flow\" style=\"flex-basis:33.34%\"><\/div>\n\n\n\n<div class=\"wp-block-column is-layout-flow wp-block-column-is-layout-flow\" style=\"flex-basis:33.34%\"><\/div>\n\n\n\n<div class=\"wp-block-column is-layout-flow wp-block-column-is-layout-flow\" style=\"flex-basis:33.33%\"><\/div>\n<\/div>\n<\/div><\/div>\n<\/div><\/div>\n\n\n\n<div class=\"wp-block-cover alignfull wp-duotone-var--nv-primary-accent-var--nv-primary-accent-2\" style=\"padding-right:0;padding-left:0;min-height:300px;aspect-ratio:unset;\"><span aria-hidden=\"true\" class=\"wp-block-cover__background has-neve-link-color-background-color has-background-dim-100 has-background-dim\"><\/span><div class=\"wp-block-cover__inner-container is-layout-flow wp-block-cover-is-layout-flow\">\n<div class=\"wp-block-columns is-layout-flex wp-container-core-columns-is-layout-9d6595d7 wp-block-columns-is-layout-flex\">\n<div class=\"wp-block-column is-layout-flow wp-block-column-is-layout-flow\" style=\"flex-basis:20%\"><\/div>\n\n\n\n<div class=\"wp-block-column is-layout-flow wp-block-column-is-layout-flow\" style=\"flex-basis:60%\">\n<div class=\"wp-block-group\" style=\"padding-right:var(--wp--preset--spacing--30);padding-left:var(--wp--preset--spacing--30)\"><div class=\"wp-block-group__inner-container is-layout-constrained wp-container-core-group-is-layout-a68114f4 wp-block-group-is-layout-constrained\">\n<div style=\"height:80px\" aria-hidden=\"true\" class=\"wp-block-spacer\"><\/div>\n\n\n<div class=\"wp-block-image is-style-rounded\">\n<figure class=\"aligncenter size-full is-resized\"><img loading=\"lazy\" decoding=\"async\" width=\"484\" height=\"480\" src=\"http:\/\/mediacjerodzinnepoznan.pl\/wp-content\/uploads\/2026\/04\/IMG_7478.jpeg\" alt=\"\" class=\"wp-image-96\" style=\"width:80px;height:80px\" srcset=\"https:\/\/mediacjerodzinnepoznan.pl\/wp-content\/uploads\/2026\/04\/IMG_7478.jpeg 484w, https:\/\/mediacjerodzinnepoznan.pl\/wp-content\/uploads\/2026\/04\/IMG_7478-300x298.jpeg 300w, https:\/\/mediacjerodzinnepoznan.pl\/wp-content\/uploads\/2026\/04\/IMG_7478-150x150.jpeg 150w\" sizes=\"auto, (max-width: 484px) 100vw, 484px\" \/><\/figure>\n<\/div>\n\n\n<div style=\"height:24px\" aria-hidden=\"true\" class=\"wp-block-spacer\"><\/div>\n\n\n\n<p class=\"has-text-align-center has-nv-text-dark-bg-color has-text-color\">Moj\u0105 rol\u0105 jest stworzenie bezpiecznej i spokojnej przestrzeni do rozmowy, w kt\u00f3rej ka\u017cda ze stron mo\u017ce zosta\u0107 wys\u0142uchana i wsp\u00f3lnie wypracowa\u0107 rozwi\u0105zanie satysfakcjonuj\u0105ce dla wszystkich.<br><\/p>\n\n\n\n<p class=\"has-text-align-center has-nv-text-dark-bg-color has-neve-link-color-background-color has-text-color has-background has-small-font-size\">Sylwia Prorok <\/p>\n\n\n\n<div style=\"height:40px\" aria-hidden=\"true\" class=\"wp-block-spacer\"><\/div>\n<\/div><\/div>\n<\/div>\n\n\n\n<div class=\"wp-block-column is-layout-flow wp-block-column-is-layout-flow\" style=\"flex-basis:20%\"><\/div>\n<\/div>\n<\/div><\/div>\n\n\n\n<p><\/p>\n","protected":false},"excerpt":{"rendered":"","protected":false},"author":1,"featured_media":0,"parent":0,"menu_order":0,"comment_status":"closed","ping_status":"closed","template":"","meta":{"om_disable_all_campaigns":false,"_monsterinsights_skip_tracking":false,"_monsterinsights_sitenote_active":false,"_monsterinsights_sitenote_note":"","_monsterinsights_sitenote_category":0,"neve_meta_sidebar":"","neve_meta_container":"","neve_meta_enable_content_width":"on","neve_meta_content_width":100,"neve_meta_title_alignment":"","neve_meta_author_avatar":"","neve_post_elements_order":"","neve_meta_disable_header":"","neve_meta_disable_footer":"","neve_meta_disable_title":"on","footnotes":""},"class_list":["post-74","page","type-page","status-publish","hentry"],"aioseo_notices":[],"_links":{"self":[{"href":"https:\/\/mediacjerodzinnepoznan.pl\/index.php\/wp-json\/wp\/v2\/pages\/74","targetHints":{"allow":["GET"]}}],"collection":[{"href":"https:\/\/mediacjerodzinnepoznan.pl\/index.php\/wp-json\/wp\/v2\/pages"}],"about":[{"href":"https:\/\/mediacjerodzinnepoznan.pl\/index.php\/wp-json\/wp\/v2\/types\/page"}],"author":[{"embeddable":true,"href":"https:\/\/mediacjerodzinnepoznan.pl\/index.php\/wp-json\/wp\/v2\/users\/1"}],"replies":[{"embeddable":true,"href":"https:\/\/mediacjerodzinnepoznan.pl\/index.php\/wp-json\/wp\/v2\/comments?post=74"}],"version-history":[{"count":7,"href":"https:\/\/mediacjerodzinnepoznan.pl\/index.php\/wp-json\/wp\/v2\/pages\/74\/revisions"}],"predecessor-version":[{"id":201,"href":"https:\/\/mediacjerodzinnepoznan.pl\/index.php\/wp-json\/wp\/v2\/pages\/74\/revisions\/201"}],"wp:attachment":[{"href":"https:\/\/mediacjerodzinnepoznan.pl\/index.php\/wp-json\/wp\/v2\/media?parent=74"}],"curies":[{"name":"wp","href":"https:\/\/api.w.org\/{rel}","templated":true}]}}