{"id":75,"date":"2026-04-19T19:43:56","date_gmt":"2026-04-19T19:43:56","guid":{"rendered":"http:\/\/mediacjerodzinnepoznan.pl\/?page_id=75"},"modified":"2026-04-20T17:03:25","modified_gmt":"2026-04-20T17:03:25","slug":"szczegoly-projektu","status":"publish","type":"page","link":"https:\/\/mediacjerodzinnepoznan.pl\/index.php\/szczegoly-projektu\/","title":{"rendered":"Szczeg\u00f3\u0142y Projektu"},"content":{"rendered":"\n<div class=\"wp-block-cover alignfull\" style=\"min-height:600px;aspect-ratio:unset;\"><span aria-hidden=\"true\" class=\"wp-block-cover__background has-nv-light-bg-background-color has-background-dim-100 has-background-dim\"><\/span><div class=\"wp-block-cover__inner-container is-layout-flow wp-block-cover-is-layout-flow\">\n<div class=\"wp-block-group\"><div class=\"wp-block-group__inner-container is-layout-flow wp-block-group-is-layout-flow\">\n<div class=\"wp-block-columns is-layout-flex wp-container-core-columns-is-layout-9d6595d7 wp-block-columns-is-layout-flex\">\n<div class=\"wp-block-column is-layout-flow wp-block-column-is-layout-flow\" style=\"padding-right:var(--wp--preset--spacing--30);padding-left:var(--wp--preset--spacing--30);flex-basis:67%\">\n<p><\/p>\n\n\n\n<p><\/p>\n\n\n\n<p class=\"has-text-align-center has-neve-text-color-color has-text-color\"><strong>REGULAMIN MEDIACJI<\/strong><\/p>\n\n\n\n<p class=\"has-nv-dark-bg-color has-text-color has-link-color wp-elements-e3ac2bcb1eaf70fab8bdee4302df17f3\">\u00a0\u00a0\u00a0\u00a01\u00a0\u00a0\u00a0\u00a0Mediacja jest dobrowolnym i poufnym sposobem rozwi\u0105zywania spor\u00f3w przy udziale          bezstronnego mediatora.<\/p>\n\n\n\n<p class=\"has-nv-dark-bg-color has-text-color has-link-color wp-elements-d3fee40e4ca2ad9a03511fcb3f2831ff\">&nbsp;&nbsp;&nbsp;&nbsp;2&nbsp;&nbsp;&nbsp;&nbsp;Mediator prowadzi mediacj\u0119 w spos\u00f3b neutralny i bezstronny oraz nie podejmuje decyzji za strony.<\/p>\n\n\n\n<p class=\"has-nv-dark-bg-color has-text-color has-link-color wp-elements-d9e5a522990044b73910cf825d1af3a7\">&nbsp;&nbsp;&nbsp;&nbsp;3&nbsp;&nbsp;&nbsp;&nbsp;Strony uczestnicz\u0105 w mediacji dobrowolnie i mog\u0105 w ka\u017cdym momencie z niej zrezygnowa\u0107.<\/p>\n\n\n\n<p class=\"has-nv-dark-bg-color has-text-color has-link-color wp-elements-b39d966d4920b752b562d5aa3898eb35\">&nbsp;&nbsp;&nbsp;&nbsp;4&nbsp;&nbsp;&nbsp;&nbsp;Wszystkie informacje ujawnione w trakcie mediacji obj\u0119te s\u0105 poufno\u015bci\u0105.<\/p>\n\n\n\n<p class=\"has-nv-dark-bg-color has-text-color has-link-color wp-elements-2e25f7897bd893b36ffacbabe41c56c2\">&nbsp;&nbsp;&nbsp;&nbsp;5&nbsp;&nbsp;&nbsp;&nbsp;Mediacja mo\u017ce odbywa\u0107 si\u0119 w formie:<\/p>\n\n\n\n<p class=\"has-nv-dark-bg-color has-text-color has-link-color wp-elements-f56a6b770f7a8967a6f5eda8b1f52543\">&nbsp;&nbsp;&nbsp;&nbsp;\u2022&nbsp;&nbsp;&nbsp;&nbsp;spotkania wsp\u00f3lnego stron,<\/p>\n\n\n\n<p class=\"has-nv-dark-bg-color has-text-color has-link-color wp-elements-97d5a12b4fa13d5276a0b5c30fc5cf9d\">&nbsp;&nbsp;&nbsp;&nbsp;\u2022&nbsp;&nbsp;&nbsp;&nbsp;spotka\u0144 indywidualnych z mediatorem,<\/p>\n\n\n\n<p class=\"has-nv-dark-bg-color has-text-color has-link-color wp-elements-48251d6480a52dd4683f86463b5f0243\">&nbsp;&nbsp;&nbsp;&nbsp;\u2022&nbsp;&nbsp;&nbsp;&nbsp;mediacji online.<\/p>\n\n\n\n<p class=\"has-nv-dark-bg-color has-text-color has-link-color wp-elements-b2154799b7d0d21ff9b5f484a7feca51\">&nbsp;&nbsp;&nbsp;&nbsp;6&nbsp;&nbsp;&nbsp;&nbsp;Je\u017celi strony osi\u0105gn\u0105 porozumienie, mediator sporz\u0105dza ugod\u0119 mediacyjn\u0105.<\/p>\n\n\n\n<p class=\"has-nv-dark-bg-color has-text-color has-link-color wp-elements-0e91fcd0aa3f36e101f14732a656262e\">&nbsp;&nbsp;&nbsp;&nbsp;7&nbsp;&nbsp;&nbsp;&nbsp;Ugoda zawarta przed mediatorem \u2014 po zatwierdzeniu przez s\u0105d \u2014 ma moc prawn\u0105 r\u00f3wn\u0105 ugodzie s\u0105dowej.<\/p>\n\n\n\n<p class=\"has-nv-dark-bg-color has-text-color has-link-color wp-elements-588031191b4a59e0d292d8f3459229c6\">&nbsp;&nbsp;&nbsp;&nbsp;8&nbsp;&nbsp;&nbsp;&nbsp;Strony zobowi\u0105zuj\u0105 si\u0119 do prowadzenia rozm\u00f3w w spos\u00f3b respektuj\u0105cy wzajemny szacunek.<\/p>\n\n\n\n<div style=\"height:24px\" aria-hidden=\"true\" class=\"wp-block-spacer\"><\/div>\n\n\n\n<div style=\"height:24px\" aria-hidden=\"true\" class=\"wp-block-spacer\"><\/div>\n\n\n\n<div style=\"height:24px\" aria-hidden=\"true\" class=\"wp-block-spacer\"><\/div>\n<\/div>\n\n\n\n<div class=\"wp-block-column is-layout-flow wp-block-column-is-layout-flow\" style=\"padding-right:var(--wp--preset--spacing--30);padding-left:var(--wp--preset--spacing--30);flex-basis:34%\">\n<p class=\"has-neve-text-color-color has-text-color\"><\/p>\n\n\n<div class=\"wp-block-image is-style-rounded\">\n<figure class=\"aligncenter size-full is-resized\"><img loading=\"lazy\" decoding=\"async\" width=\"484\" height=\"480\" src=\"http:\/\/mediacjerodzinnepoznan.pl\/wp-content\/uploads\/2026\/04\/IMG_7478.jpeg\" alt=\"\" class=\"wp-image-96\" style=\"aspect-ratio:1;width:202px;height:auto\" srcset=\"https:\/\/mediacjerodzinnepoznan.pl\/wp-content\/uploads\/2026\/04\/IMG_7478.jpeg 484w, https:\/\/mediacjerodzinnepoznan.pl\/wp-content\/uploads\/2026\/04\/IMG_7478-300x298.jpeg 300w, https:\/\/mediacjerodzinnepoznan.pl\/wp-content\/uploads\/2026\/04\/IMG_7478-150x150.jpeg 150w\" sizes=\"auto, (max-width: 484px) 100vw, 484px\" \/><\/figure>\n<\/div>\n\n\n<p class=\"has-text-align-center has-neve-text-color-color has-text-color has-small-font-size\"><strong>Sylwia Prorok <\/strong><\/p>\n<\/div>\n<\/div>\n\n\n\n<div style=\"height:40px\" aria-hidden=\"true\" class=\"wp-block-spacer\"><\/div>\n<\/div><\/div>\n<\/div><\/div>\n","protected":false},"excerpt":{"rendered":"","protected":false},"author":1,"featured_media":0,"parent":0,"menu_order":0,"comment_status":"closed","ping_status":"closed","template":"","meta":{"om_disable_all_campaigns":false,"_monsterinsights_skip_tracking":false,"_monsterinsights_sitenote_active":false,"_monsterinsights_sitenote_note":"","_monsterinsights_sitenote_category":0,"neve_meta_sidebar":"","neve_meta_container":"","neve_meta_enable_content_width":"on","neve_meta_content_width":100,"neve_meta_title_alignment":"","neve_meta_author_avatar":"","neve_post_elements_order":"","neve_meta_disable_header":"","neve_meta_disable_footer":"","neve_meta_disable_title":"on","footnotes":""},"class_list":["post-75","page","type-page","status-publish","hentry"],"aioseo_notices":[],"_links":{"self":[{"href":"https:\/\/mediacjerodzinnepoznan.pl\/index.php\/wp-json\/wp\/v2\/pages\/75","targetHints":{"allow":["GET"]}}],"collection":[{"href":"https:\/\/mediacjerodzinnepoznan.pl\/index.php\/wp-json\/wp\/v2\/pages"}],"about":[{"href":"https:\/\/mediacjerodzinnepoznan.pl\/index.php\/wp-json\/wp\/v2\/types\/page"}],"author":[{"embeddable":true,"href":"https:\/\/mediacjerodzinnepoznan.pl\/index.php\/wp-json\/wp\/v2\/users\/1"}],"replies":[{"embeddable":true,"href":"https:\/\/mediacjerodzinnepoznan.pl\/index.php\/wp-json\/wp\/v2\/comments?post=75"}],"version-history":[{"count":4,"href":"https:\/\/mediacjerodzinnepoznan.pl\/index.php\/wp-json\/wp\/v2\/pages\/75\/revisions"}],"predecessor-version":[{"id":161,"href":"https:\/\/mediacjerodzinnepoznan.pl\/index.php\/wp-json\/wp\/v2\/pages\/75\/revisions\/161"}],"wp:attachment":[{"href":"https:\/\/mediacjerodzinnepoznan.pl\/index.php\/wp-json\/wp\/v2\/media?parent=75"}],"curies":[{"name":"wp","href":"https:\/\/api.w.org\/{rel}","templated":true}]}}